{"id":20901,"date":"2023-08-05T06:56:21","date_gmt":"2023-08-05T06:56:21","guid":{"rendered":"https:\/\/www.nine-ocean.com\/winev2\/?post_type=product&#038;p=20901"},"modified":"2023-08-22T14:10:35","modified_gmt":"2023-08-22T14:10:35","slug":"%e3%80%90neleman%e3%80%91just-fucking-good-wine-marselan-%e9%82%a3%e6%8b%89%e6%9b%bc-%e8%a9%b2%e6%ad%bb%e7%9a%84%e5%a5%bd%e5%96%9d-%e7%b4%85%e9%85%92","status":"publish","type":"product","link":"https:\/\/www.nine-ocean.com\/winev2\/product\/%e3%80%90neleman%e3%80%91just-fucking-good-wine-marselan-%e9%82%a3%e6%8b%89%e6%9b%bc-%e8%a9%b2%e6%ad%bb%e7%9a%84%e5%a5%bd%e5%96%9d-%e7%b4%85%e9%85%92\/","title":{"rendered":"\u3010Neleman\u3011Just Fucking Good Wine Marselan \/ \u90a3\u62c9\u66fc \u8a72\u6b7b\u7684\u597d\u559d \u7d05\u9152"},"content":{"rendered":"<p>\u54c1\u9152\u7b46\u8a18: \u9152\u9ad4\u98fd\u6eff\u55ae\u5be7\u660e\u986f\uff0c\u5c3e\u97fb\u5e36\u82e6\u56de\u7518\uff0c\u5c3e\u97fb\u5145\u6eff\u9ed1\u4f73\u9e97\u8edf\u7cd6\u9918\u97fb\u6301\u4e45<br \/>\n\u9910\u9152\u642d\u914d: \u71d2\u70e4\u3001\u897f\u73ed\u7259\u5c0f\u83dc\u3001\u7d20\u98df\u9910\u9ede<\/p>\n<p><strong>\u5f97\u734e: <\/strong><br \/>\n<strong>Mundus Vini 2020: Gold<\/strong><br \/>\n<strong>Berlin Wine trophy: Silver<\/strong><br \/>\n<strong>Gu\u00eda Pe\u00f1\u00edn: 91p<\/strong><\/p>\n<p><img decoding=\"async\" loading=\"lazy\" class=\"size-full wp-image-21163 aligncenter\" src=\"https:\/\/www.nine-ocean.com\/winev2\/wp-content\/uploads\/2023\/08\/TWSNELJFR020-\u55ae\u74f67.jpg\" alt=\"\" width=\"1134\" height=\"686\" srcset=\"https:\/\/www.nine-ocean.com\/winev2\/wp-content\/uploads\/2023\/08\/TWSNELJFR020-\u55ae\u74f67.jpg 1134w, https:\/\/www.nine-ocean.com\/winev2\/wp-content\/uploads\/2023\/08\/TWSNELJFR020-\u55ae\u74f67-300x181.jpg 300w, https:\/\/www.nine-ocean.com\/winev2\/wp-content\/uploads\/2023\/08\/TWSNELJFR020-\u55ae\u74f67-1024x619.jpg 1024w, https:\/\/www.nine-ocean.com\/winev2\/wp-content\/uploads\/2023\/08\/TWSNELJFR020-\u55ae\u74f67-768x465.jpg 768w, https:\/\/www.nine-ocean.com\/winev2\/wp-content\/uploads\/2023\/08\/TWSNELJFR020-\u55ae\u74f67-600x363.jpg 600w\" sizes=\"(max-width: 1134px) 100vw, 1134px\" \/><\/p>\n<p><img decoding=\"async\" loading=\"lazy\" class=\"alignnone size-full wp-image-21165\" src=\"https:\/\/www.nine-ocean.com\/winev2\/wp-content\/uploads\/2023\/08\/neleman-logo.jpg\" alt=\"\" width=\"1920\" height=\"297\" srcset=\"https:\/\/www.nine-ocean.com\/winev2\/wp-content\/uploads\/2023\/08\/neleman-logo.jpg 1920w, https:\/\/www.nine-ocean.com\/winev2\/wp-content\/uploads\/2023\/08\/neleman-logo-300x46.jpg 300w, https:\/\/www.nine-ocean.com\/winev2\/wp-content\/uploads\/2023\/08\/neleman-logo-1024x158.jpg 1024w, https:\/\/www.nine-ocean.com\/winev2\/wp-content\/uploads\/2023\/08\/neleman-logo-768x119.jpg 768w, https:\/\/www.nine-ocean.com\/winev2\/wp-content\/uploads\/2023\/08\/neleman-logo-600x93.jpg 600w, https:\/\/www.nine-ocean.com\/winev2\/wp-content\/uploads\/2023\/08\/neleman-logo-1536x238.jpg 1536w, https:\/\/www.nine-ocean.com\/winev2\/wp-content\/uploads\/2023\/08\/neleman-logo-1320x204.jpg 1320w, https:\/\/www.nine-ocean.com\/winev2\/wp-content\/uploads\/2023\/08\/neleman-logo-1300x201.jpg 1300w\" sizes=\"(max-width: 1920px) 100vw, 1920px\" \/><\/p>\n<h3 style=\"text-align: left;\"><strong>\u6253\u7834\u7aa0\u81fc\uff1a\u5e7d\u9ed8\u8a7c\u8ae7\u7684\u8461\u8404\u9152\u65b0\u601d\u7dad<\/strong><\/h3>\n<p>\u90a3\u62c9\u66fc\u8461\u8404\u9152\u7531Derrick Neleman\u5275\u7acb\uff0c\u662f\u4e00\u9593\u5c08\u696d\u4e14\u5275\u65b0\u7684\u8461\u8404\u9152\u516c\u53f8\u3002<\/p>\n<p>Derrick Neleman\u4f86\u81ea\u8377\u862d\uff0c\u5c0d\u6709\u6a5f\u8fb2\u6cd5\u8207\u8461\u8404\u9152\u884c\u92b7\u64c1\u6709\u6e90\u6e90\u4e0d\u7d55\u7684\u5275\u610f\u548c\u60f3\u6cd5\uff0c\u4e0d\u50c5\u662f\u6bd4\u4f55\u76e7\u7d93\u6fdf\u806f\u76df\u300c\u516c\u5e73\u4ea4\u6613\u8461\u8404\u9152\u300d\u7406\u5ff5\u7684\u63a8\u5ee3\u5148\u9a45\uff0c\u540c\u6642\u70ba\u8377\u862d\u8461\u8404\u9152\u754c\u547c\u98a8\u559a\u96e8\u7684\u91cd\u91cf\u4eba\u7269\uff0c\u66f4\u66fe\u69ae\u73722010\u8461\u8404\u9152\u884c\u92b7\u5927\u8cde\u3002<\/p>\n<p>\u90a3\u62c9\u66fc \u8461\u8404\u9152\u5584\u65bc\u6253\u7834\u85e9\u7c6c\uff0c\u7ffb\u8f49\u8461\u8404\u9152\u7684\u56b4\u8085\u53e4\u677f\uff0c\u5c07\u66f4\u591a\u7684\u6545\u4e8b\u6027\u8207\u6a02\u8da3\u5e36\u9032\u8461\u8404\u9152\u672c\u8eab\u3002<\/p>\n<h3 style=\"text-align: left;\"><strong>\u64c1\u6709\u8377\u862d\u9b42\u7684\u897f\u73ed\u7259\u6709\u6a5f\u9152<\/strong><\/h3>\n<p>\u4f86\u81ea\u8377\u862d\u7684Derrick Neleman\u8207\u4f86\u81ea\u897f\u73ed\u7259\u74e6\u502b\u897f\u4e9e\uff08 Valencia\uff09\u5929\u624d\u91c0\u9152\u5e2b\u7684 Diego Fernandez Pons\u5408\u4f5c\uff0c\u4e00\u540c\u6253\u9020\u51fa\u9ad8\u54c1\u8cea\u4e14\u5145\u6eff\u8da3\u5473\u7684\u6709\u6a5f\u8461\u8404\u9152\u3002<\/p>\n<p>\u74e6\u502b\u897f\u4e9e\u7522\u5340\u4f4d\u65bc\u897f\u73ed\u7259\u6771\u5357\u90e8\u5730\u4e2d\u6d77\u6cbf\u5cb8\uff0c\u662f\u897f\u73ed\u7259\u71c9\u98ef\uff08 Paella\uff09\u7684\u767c\u6e90\u5730\uff0c\u56e0\u96e2\u6d77\u8f03\u8fd1\uff0c\u6c23\u5019\u4e5f\u8f03\u70ba\u548c\u7de9\u6dbc\u723d\uff0c\u9020\u5c31\u4e86\u6e05\u723d\u67d4\u548c\u7684\u8461\u8404\u9152\u98a8\u683c\u3002<\/p>\n<p>\u9152\u838a\u7684\u8461\u8404\u5712\u4f4d\u65bc\u6d77\u62d4 900\u516c\u5c3a\uff0c\u9ad8\u6d77\u62d4\u4f7f\u8461\u8404\u80fd\u5920\u64c1\u6709\u9577\u6642\u9593\u7684\u65e5\u7167\u4ee5\u53ca\u5e73\u8861\u7684\u9178\u5ea6\u3002\u9152\u838a\u5f9e\u7a2e\u690d\u5230\u751f\u7522\u88dd\u74f6\u7686\u9075\u5faa\u6709\u6a5f\u7684\u4e2d\u5fc3\u7406\u5ff5\uff0c\u4e26\u901a\u904e\u6b50\u76df\u7684\u6709\u6a5f\u5b98\u65b9\u8a8d\u8b49\u3002<\/p>\n<p>Neleman\u65e5\u5fa9\u4e00\u65e5\u5730\u5728\u7f8e\u9e97\u7684\u8461\u8404\u5712\u98a8\u666f\u4e2d\u5954\u8d70\u5c0b\u6c42\u9748\u611f\uff0c\u5e0c\u671b\u85c9\u7531\u5404\u7a2e\u5929\u99ac\u884c\u7a7a\u7684\u5275\u610f\u9ede\u5b50\uff0c\u8b93\u5168\u4e16\u754c\u7684\u300c\u751f\u6d3b\u5be6\u8e10\u5bb6\u300d\u66f4\u8f15\u9b06\u8207\u6df1\u523b\u5730\u9ad4\u9a57\u6709\u6a5f\u8461\u8404\u9152\u6240\u5e36\u4f86\u7684\u6a02\u8da3\u3002<\/p>\n<p><img decoding=\"async\" loading=\"lazy\" class=\"aligncenter wp-image-20921 size-full\" src=\"https:\/\/www.nine-ocean.com\/winev2\/wp-content\/uploads\/2023\/08\/neleman.jpg\" alt=\"\" width=\"760\" height=\"561\" srcset=\"https:\/\/www.nine-ocean.com\/winev2\/wp-content\/uploads\/2023\/08\/neleman.jpg 760w, https:\/\/www.nine-ocean.com\/winev2\/wp-content\/uploads\/2023\/08\/neleman-300x221.jpg 300w, https:\/\/www.nine-ocean.com\/winev2\/wp-content\/uploads\/2023\/08\/neleman-600x443.jpg 600w\" sizes=\"(max-width: 760px) 100vw, 760px\" \/><img decoding=\"async\" loading=\"lazy\" class=\"size-full wp-image-20920 aligncenter\" src=\"https:\/\/www.nine-ocean.com\/winev2\/wp-content\/uploads\/2023\/08\/neleman.png\" alt=\"\" width=\"67\" height=\"46\" \/><\/p>\n<p>&nbsp;<\/p>\n","protected":false},"excerpt":{"rendered":"<p>\u9152\u540d: Just F G Wine (Red)<br \/>\n\u7522\u5730: DO \u74e6\u502b\u897f\u4e9e (DO Valencia)\uff0c\u897f\u73ed\u7259<br \/>\n\u5e74\u5206: 2020<br \/>\n\u54c1\u7a2e: \u99ac\u8cfd\u862d100% (Marselan 100%)<br \/>\n\u9152\u7cbe\u6fc3\u5ea6: 14.5%<br \/>\n\u984f\u8272: \u7d2b\u8272\u7d05\u8272<br \/>\n\u9999\u6c23: \u679c\u9999\u5473\u8c50\u5bcc\uff0c\u7d9c\u5408\u683c\u7d0d\u897f\u8ddf\u5361\u672c\u5167\u8607\u7dad\u7fc1\u7684\u9999\u6c23\uff0c\u5c3e\u97fb\u5e36\u6709\u9ed1\u4f73\u9e97\u8edf\u7cd6\u7684\u9999\u5473<\/p>\n","protected":false},"featured_media":21143,"comment_status":"closed","ping_status":"closed","template":"","meta":{"_coblocks_attr":"","_coblocks_dimensions":"","_coblocks_responsive_height":"","_coblocks_accordion_ie_support":""},"product_cat":[145,165],"product_tag":[],"_links":{"self":[{"href":"https:\/\/www.nine-ocean.com\/winev2\/wp-json\/wp\/v2\/product\/20901"}],"collection":[{"href":"https:\/\/www.nine-ocean.com\/winev2\/wp-json\/wp\/v2\/product"}],"about":[{"href":"https:\/\/www.nine-ocean.com\/winev2\/wp-json\/wp\/v2\/types\/product"}],"replies":[{"embeddable":true,"href":"https:\/\/www.nine-ocean.com\/winev2\/wp-json\/wp\/v2\/comments?post=20901"}],"version-history":[{"count":7,"href":"https:\/\/www.nine-ocean.com\/winev2\/wp-json\/wp\/v2\/product\/20901\/revisions"}],"predecessor-version":[{"id":21166,"href":"https:\/\/www.nine-ocean.com\/winev2\/wp-json\/wp\/v2\/product\/20901\/revisions\/21166"}],"wp:featuredmedia":[{"embeddable":true,"href":"https:\/\/www.nine-ocean.com\/winev2\/wp-json\/wp\/v2\/media\/21143"}],"wp:attachment":[{"href":"https:\/\/www.nine-ocean.com\/winev2\/wp-json\/wp\/v2\/media?parent=20901"}],"wp:term":[{"taxonomy":"product_cat","embeddable":true,"href":"https:\/\/www.nine-ocean.com\/winev2\/wp-json\/wp\/v2\/product_cat?post=20901"},{"taxonomy":"product_tag","embeddable":true,"href":"https:\/\/www.nine-ocean.com\/winev2\/wp-json\/wp\/v2\/product_tag?post=20901"}],"curies":[{"name":"wp","href":"https:\/\/api.w.org\/{rel}","templated":true}]}}