{"id":19405,"date":"2023-01-29T15:33:28","date_gmt":"2023-01-29T15:33:28","guid":{"rendered":"http:\/\/www.tamsui.org\/winev2\/?post_type=product&#038;p=19405"},"modified":"2025-08-26T02:23:56","modified_gmt":"2025-08-26T02:23:56","slug":"vino-%e3%80%90%e9%86%89%e5%88%9d%e3%80%91%e8%97%9d%e4%ba%ab%e6%b4%be%e7%b4%85%e8%91%a1%e8%90%84%e9%85%92","status":"publish","type":"product","link":"https:\/\/www.nine-ocean.com\/winev2\/product\/vino-%e3%80%90%e9%86%89%e5%88%9d%e3%80%91%e8%97%9d%e4%ba%ab%e6%b4%be%e7%b4%85%e8%91%a1%e8%90%84%e9%85%92\/","title":{"rendered":"VINO-\u3010\u9189\u521d\u3011\u85dd\u4eab\u6d3e\u7d05\u8461\u8404\u9152"},"content":{"rendered":"<h3><img decoding=\"async\" loading=\"lazy\" class=\"alignnone size-full wp-image-20302\" src=\"https:\/\/www.nine-ocean.com\/winev2\/wp-content\/uploads\/2023\/01\/\u6cd5\u7433\u5a1c\u9152\u838a1.jpg\" alt=\"\" width=\"996\" height=\"322\" srcset=\"https:\/\/www.nine-ocean.com\/winev2\/wp-content\/uploads\/2023\/01\/\u6cd5\u7433\u5a1c\u9152\u838a1.jpg 996w, https:\/\/www.nine-ocean.com\/winev2\/wp-content\/uploads\/2023\/01\/\u6cd5\u7433\u5a1c\u9152\u838a1-300x97.jpg 300w, https:\/\/www.nine-ocean.com\/winev2\/wp-content\/uploads\/2023\/01\/\u6cd5\u7433\u5a1c\u9152\u838a1-768x248.jpg 768w, https:\/\/www.nine-ocean.com\/winev2\/wp-content\/uploads\/2023\/01\/\u6cd5\u7433\u5a1c\u9152\u838a1-600x194.jpg 600w\" sizes=\"(max-width: 996px) 100vw, 996px\" \/><\/h3>\n<h3>\u7279\u8272\uff1a<\/h3>\n<p>\u8a98\u4eba\u7684\u6afb\u6843\u7d2b\u7d05\u9152\u8272\uff0c\u6a39\u9f61\u7d0425-35\u5e74\uff0c\u624b\u5de5\u63a1\u6536\u4e14\u53bb\u6897\u4e0d\u58d3\u788e\uff0c\u653e\u7f6e\u5728\u4e0d\u93fd\u92fc\u69fd\u4f4e\u6eab\u767c\u9175\u7d04\u4e00\u9031\uff0c\u5f8c\u65bc\u6bcf\u5e7411\u6708\u4e0a\u5e02\u3002\u5e36\u6709\u8c50\u5bcc\u9bae\u7f8e\u7684\u91ce\u8393\u3001\u67ff\u5b50\u3001\u6469\u5361\u3001\u5976\u7c89\u3001\u925b\u7b46\u82af\u3001\u68ee\u6797\u7b49\u9999\u6c23\u3002\u53e3\u611f\u6fc3\u90c1\u591a\u6c41\u3001\u55ae\u5be7\u5713\u6f64\u5e73\u8861\u3002<\/p>\n<h3>\u4f50\u9910\uff1a<\/h3>\n<p>\u53f0\u5f0f\u6599\u7406\u3001\u63e1\u58fd\u53f8\u3001\u5e1d\u738b\u87f9<\/p>\n<h3>\u8a55\u5206\uff1a<\/h3>\n<p>(2021)Gu\u00eda ADN Verema 93<\/p>\n<p>(2020)Gu\u00eda Gourmets 93\u3001Gu\u00eda Pe\u00f1\u00edn 91<\/p>\n<p>Gu\u00eda Pe\u00f1\u00edn 91<\/p>\n<p>**\u70ba\u7576\u5340\u9996\u5275\u63a1\u8207\u8584\u9152\u840a\u76f8\u540c\u7684\u4e8c\u6c27\u5316\u78b3\u6d78\u6f2c\u91c0\u9020\u6cd5<\/p>\n<p>***\u897f\u73ed\u7259\u89aa\u6c11\u7248Mouton\uff1b1985\u9996\u5e74\u4efd\u8d77\u9152\u6a19\u7531\u4e0d\u540c\u85dd\u8853\u5e45\u7e6a\u88fd<\/p>\n<p>&nbsp;<\/p>\n<h2><strong>BODEGAS FARI\u00d1A\u6cd5\u7433\u5a1c\u9152\u838a<\/strong><\/h2>\n<p>Fari\u00f1a\u5bb6\u65cf\u65bc1942\u5e74\u6210\u7acb\u9152\u838a\u3001\u4f4d\u65bc\u4e2d\u90e8\u7d20\u6709\u8461\u8404\u9152\u6545\u9109\u4e4b\u7a31\u7684Casaseca de las Chanas,\u5176\u91c0\u9152\u6b77\u53f2\u5df2900\u591a\u5e74\uff0c\u6c23\u5019\u70ba\u5927\u9678\u578b\uff0c\u571f\u58e4\u70ba\u6c96\u7a4d\u8207\u77f3\u7070\u5ca9\u3002<\/p>\n<p>\u4e8c\u4ee3\u838a\u4e3bManuel\u65bc80\u5e74\u4ee3\uff0c\u6210\u529f\u8b93\u897f\u73ed\u7259\u4e09\u5357\u7522\u5340\u4e4b\u4e00\u7684Toro\u6649\u5347D.O\u3002\u5982\u4eca\u6b77\u7d93\u4e09\u4ee3\u52aa\u529b\uff0c\u679c\u5712\u9762\u7a4d\u5df2\u90543000\u591a\u516c\u50be\uff0c\u6210\u5c31\u50b2\u4eba\u3002<\/p>\n<p>*\u70baToro\u7522\u5340\u6700\u5927\u9152\u5546&amp;\u64c1\u6709\u897f\u73ed\u7259\u6700\u53e4\u8001\u7684\u8461\u8404\u5712<\/p>\n<p>*\u70ba\u897f\u73ed\u7259\u5c07\u9152\u838a\u9077\u5165\u8461\u8404\u5712\u7684\u5148\u9a45<\/p>\n<p>*WS: Manuel\u70baToro\u7522\u5340\u4e4b\u7236&amp;\u6700\u5177\u5f71\u97ff\u529b\u7684\u91c0\u9152\u5e2b<\/p>\n<p>*RP: \u9152\u838a\u4ee3\u8868\u8457\u897f\u73ed\u7259\u6700\u5353\u8d8a\u7684\u91c0\u9152\u7cbe\u795e<\/p>\n<p><img decoding=\"async\" loading=\"lazy\" class=\"alignnone size-full wp-image-20301\" src=\"https:\/\/www.nine-ocean.com\/winev2\/wp-content\/uploads\/2023\/01\/\u6cd5\u7433\u5a1c\u9152\u838a2.jpg\" alt=\"\" width=\"996\" height=\"560\" srcset=\"https:\/\/www.nine-ocean.com\/winev2\/wp-content\/uploads\/2023\/01\/\u6cd5\u7433\u5a1c\u9152\u838a2.jpg 996w, https:\/\/www.nine-ocean.com\/winev2\/wp-content\/uploads\/2023\/01\/\u6cd5\u7433\u5a1c\u9152\u838a2-300x169.jpg 300w, https:\/\/www.nine-ocean.com\/winev2\/wp-content\/uploads\/2023\/01\/\u6cd5\u7433\u5a1c\u9152\u838a2-768x432.jpg 768w, https:\/\/www.nine-ocean.com\/winev2\/wp-content\/uploads\/2023\/01\/\u6cd5\u7433\u5a1c\u9152\u838a2-600x337.jpg 600w\" sizes=\"(max-width: 996px) 100vw, 996px\" \/><\/p>\n<p>&nbsp;<\/p>\n","protected":false},"excerpt":{"rendered":"<p>\u82f1\u6587\u540d\u7a31\uff1aVino Primero<\/p>\n<p>\u9152\u838a : Bodegas Fari\u00f1a\u6cd5\u7433\u5a1c\u9152\u838a Vi\u00f1edos Err\u00e1zuriz Ovalle<\/p>\n<p>\u7522\u5340 : Toro\u3001Spain\u3001DO<\/p>\n<p>\u54c1\u7a2e : 100% Tempranillo<\/p>\n<p>\u9152\u7cbe\u6fc3\u5ea6\uff1a14%<\/p>\n<p>\u5bb9\u91cf\uff1a750ml<\/p>\n","protected":false},"featured_media":19397,"comment_status":"closed","ping_status":"closed","template":"","meta":{"_coblocks_attr":"","_coblocks_dimensions":"","_coblocks_responsive_height":"","_coblocks_accordion_ie_support":""},"product_cat":[145,165],"product_tag":[],"_links":{"self":[{"href":"https:\/\/www.nine-ocean.com\/winev2\/wp-json\/wp\/v2\/product\/19405"}],"collection":[{"href":"https:\/\/www.nine-ocean.com\/winev2\/wp-json\/wp\/v2\/product"}],"about":[{"href":"https:\/\/www.nine-ocean.com\/winev2\/wp-json\/wp\/v2\/types\/product"}],"replies":[{"embeddable":true,"href":"https:\/\/www.nine-ocean.com\/winev2\/wp-json\/wp\/v2\/comments?post=19405"}],"version-history":[{"count":1,"href":"https:\/\/www.nine-ocean.com\/winev2\/wp-json\/wp\/v2\/product\/19405\/revisions"}],"predecessor-version":[{"id":20337,"href":"https:\/\/www.nine-ocean.com\/winev2\/wp-json\/wp\/v2\/product\/19405\/revisions\/20337"}],"wp:featuredmedia":[{"embeddable":true,"href":"https:\/\/www.nine-ocean.com\/winev2\/wp-json\/wp\/v2\/media\/19397"}],"wp:attachment":[{"href":"https:\/\/www.nine-ocean.com\/winev2\/wp-json\/wp\/v2\/media?parent=19405"}],"wp:term":[{"taxonomy":"product_cat","embeddable":true,"href":"https:\/\/www.nine-ocean.com\/winev2\/wp-json\/wp\/v2\/product_cat?post=19405"},{"taxonomy":"product_tag","embeddable":true,"href":"https:\/\/www.nine-ocean.com\/winev2\/wp-json\/wp\/v2\/product_tag?post=19405"}],"curies":[{"name":"wp","href":"https:\/\/api.w.org\/{rel}","templated":true}]}}